{"id":242,"date":"2025-07-22T18:16:48","date_gmt":"2025-07-22T10:16:48","guid":{"rendered":"https:\/\/globalcryptoguru.com\/?page_id=242"},"modified":"2025-07-26T14:41:54","modified_gmt":"2025-07-26T06:41:54","slug":"why-gcg","status":"publish","type":"page","link":"https:\/\/globalcryptoguru.com\/vi\/why-gcg\/","title":{"rendered":"Why GCG"},"content":{"rendered":"<p><img decoding=\"async\" width=\"612\" height=\"344\" data-src=\"https:\/\/globalcryptoguru.com\/wp-content\/uploads\/2025\/07\/Global-Crypto-Guru-1-e1753189319477.png\" alt=\"\" data-srcset=\"https:\/\/globalcryptoguru.com\/wp-content\/uploads\/2025\/07\/Global-Crypto-Guru-1-e1753189319477.png 612w, https:\/\/globalcryptoguru.com\/wp-content\/uploads\/2025\/07\/Global-Crypto-Guru-1-e1753189319477-300x169.png 300w\" data-sizes=\"(max-width: 612px) 100vw, 612px\" src=\"data:image\/svg+xml;base64,PHN2ZyB3aWR0aD0iMSIgaGVpZ2h0PSIxIiB4bWxucz0iaHR0cDovL3d3dy53My5vcmcvMjAwMC9zdmciPjwvc3ZnPg==\" class=\"lazyload\" style=\"--smush-placeholder-width: 612px; --smush-placeholder-aspect-ratio: 612\/344;\" \/>\t\t\t\t\t\t\t\t\t\t\t\t\t\t\t\t\t\t<\/p>\n<h2>\n\t\t\t\t\t\t\tT\u1ea1i Sao Ch\u1ecdn GlobalCryptoGuru?<br \/>\n\t\t\t\t\t<\/h2>\n<p>\n\t\t\t\t\t\tTrong b\u1ed1i c\u1ea3nh t\u00e0i ch\u00ednh bi\u1ebfn \u0111\u1ed5i nhanh ch\u00f3ng, ki\u1ebfn th\u1ee9c ch\u00ednh l\u00e0 s\u1ee9c m\u1ea1nh. GlobalCryptoGuru.com trang b\u1ecb cho b\u1ea1n nh\u1eefng th\u00f4ng tin chuy\u00ean s\u00e2u, chi\u1ebfn l\u01b0\u1ee3c th\u1ef1c ti\u1ec5n v\u00e0 ngu\u1ed3n tin \u0111\u00e1ng tin c\u1eady \u0111\u1ec3 \u0111\u01b0a ra quy\u1ebft \u0111\u1ecbnh s\u00e1ng su\u1ed1t trong kh\u00f4ng gian Web3, crypto v\u00e0 forex. D\u00f9 b\u1ea1n l\u00e0 nh\u00e0 giao d\u1ecbch, nh\u00e0 \u0111\u1ea7u t\u01b0, nh\u00e0 ph\u00e1t tri\u1ec3n hay chuy\u00ean vi\u00ean truy\u1ec1n th\u00f4ng ng\u00e0nh, n\u1ec1n t\u1ea3ng c\u1ee7a ch\u00fang t\u00f4i \u0111\u01b0\u1ee3c thi\u1ebft k\u1ebf nh\u1eb1m t\u0103ng c\u01b0\u1eddng th\u00e0nh c\u00f4ng v\u00e0 s\u1ef1 hi\u1ec7n di\u1ec7n c\u1ee7a b\u1ea1n tr\u00ean th\u1ecb tr\u01b0\u1eddng.\t\t\t\t\t<\/p>\n<h2>\n\t\t\t\t\t\t\tNh\u1eefng Ho\u1ea1t \u0110\u1ed9ng Ch\u00ednh C\u1ee7a Ch\u00fang T\u00f4i<br \/>\n\t\t\t\t\t<\/h2>\n<p>\t\t\t\t\t\t\t\t\t\t\t\t\t\t\t\t\t<img decoding=\"async\" width=\"1024\" height=\"683\" data-src=\"https:\/\/globalcryptoguru.com\/wp-content\/uploads\/2025\/07\/woman-person-lifestyle-to-relax-at-home-happy-and-2025-04-02-02-09-37-utc-1024x683.jpg\" alt=\"\" data-srcset=\"https:\/\/globalcryptoguru.com\/wp-content\/uploads\/2025\/07\/woman-person-lifestyle-to-relax-at-home-happy-and-2025-04-02-02-09-37-utc-1024x683.jpg 1024w, https:\/\/globalcryptoguru.com\/wp-content\/uploads\/2025\/07\/woman-person-lifestyle-to-relax-at-home-happy-and-2025-04-02-02-09-37-utc-300x200.jpg 300w, https:\/\/globalcryptoguru.com\/wp-content\/uploads\/2025\/07\/woman-person-lifestyle-to-relax-at-home-happy-and-2025-04-02-02-09-37-utc-768x512.jpg 768w, https:\/\/globalcryptoguru.com\/wp-content\/uploads\/2025\/07\/woman-person-lifestyle-to-relax-at-home-happy-and-2025-04-02-02-09-37-utc-1536x1025.jpg 1536w, https:\/\/globalcryptoguru.com\/wp-content\/uploads\/2025\/07\/woman-person-lifestyle-to-relax-at-home-happy-and-2025-04-02-02-09-37-utc-2048x1366.jpg 2048w\" data-sizes=\"(max-width: 1024px) 100vw, 1024px\" src=\"data:image\/svg+xml;base64,PHN2ZyB3aWR0aD0iMSIgaGVpZ2h0PSIxIiB4bWxucz0iaHR0cDovL3d3dy53My5vcmcvMjAwMC9zdmciPjwvc3ZnPg==\" class=\"lazyload\" style=\"--smush-placeholder-width: 1024px; --smush-placeholder-aspect-ratio: 1024\/683;\" \/>\t\t\t\t\t\t\t\t\t\t\t\t\t\t\t\t<\/p>\n<h3>1. C\u1eadp Nh\u1eadt Tin T\u1ee9c Ng\u00e0nh To\u00e0n C\u1ea7u<\/h3>\n<p>Ch\u00fang t\u00f4i t\u1ed5ng h\u1ee3p v\u00e0 cung c\u1ea5p nh\u1eefng tin t\u1ee9c n\u1ed9i b\u1ed9 v\u00e0 to\u00e0n c\u1ea7u trong c\u00e1c l\u0129nh v\u1ef1c ti\u1ec1n \u0111i\u1ec7n t\u1eed, blockchain, Web3, ngo\u1ea1i h\u1ed1i v\u00e0 th\u1ecb tr\u01b0\u1eddng h\u00e0ng h\u00f3a. T\u1eeb c\u00e1c b\u1ea3n tin v\u1ec1 quy \u0111\u1ecbnh ph\u00e1p l\u00fd, ra m\u1eaft token m\u1edbi, \u0111\u1ebfn c\u00e1c \u0111\u1ed9ng th\u00e1i c\u1ee7a t\u1ed5 ch\u1ee9c l\u1edbn \u2013 n\u1ec1n t\u1ea3ng c\u1ee7a ch\u00fang t\u00f4i cam k\u1ebft \u0111em \u0111\u1ebfn th\u00f4ng tin x\u00e1c th\u1ef1c, k\u1ecbp th\u1eddi, c\u00f3 \u1ea3nh h\u01b0\u1edfng tr\u1ef1c ti\u1ebfp \u0111\u1ebfn th\u1ecb tr\u01b0\u1eddng v\u00e0 quy\u1ebft \u0111\u1ecbnh \u0111\u1ea7u t\u01b0 c\u1ee7a b\u1ea1n.<\/p>\n<p>\t\t\t\t\t\t\t\t\t\t\t\t\t\t\t<img decoding=\"async\" width=\"1024\" height=\"681\" data-src=\"https:\/\/globalcryptoguru.com\/wp-content\/uploads\/2025\/07\/trader-woman-studying-stock-market-business-soft-2025-02-21-10-22-44-utc-1024x681.jpg\" alt=\"\" data-srcset=\"https:\/\/globalcryptoguru.com\/wp-content\/uploads\/2025\/07\/trader-woman-studying-stock-market-business-soft-2025-02-21-10-22-44-utc-1024x681.jpg 1024w, https:\/\/globalcryptoguru.com\/wp-content\/uploads\/2025\/07\/trader-woman-studying-stock-market-business-soft-2025-02-21-10-22-44-utc-300x200.jpg 300w, https:\/\/globalcryptoguru.com\/wp-content\/uploads\/2025\/07\/trader-woman-studying-stock-market-business-soft-2025-02-21-10-22-44-utc-768x511.jpg 768w, https:\/\/globalcryptoguru.com\/wp-content\/uploads\/2025\/07\/trader-woman-studying-stock-market-business-soft-2025-02-21-10-22-44-utc-1536x1022.jpg 1536w, https:\/\/globalcryptoguru.com\/wp-content\/uploads\/2025\/07\/trader-woman-studying-stock-market-business-soft-2025-02-21-10-22-44-utc-2048x1362.jpg 2048w\" data-sizes=\"(max-width: 1024px) 100vw, 1024px\" src=\"data:image\/svg+xml;base64,PHN2ZyB3aWR0aD0iMSIgaGVpZ2h0PSIxIiB4bWxucz0iaHR0cDovL3d3dy53My5vcmcvMjAwMC9zdmciPjwvc3ZnPg==\" class=\"lazyload\" style=\"--smush-placeholder-width: 1024px; --smush-placeholder-aspect-ratio: 1024\/681;\" \/>\t\t\t\t\t\t\t\t\t\t\t\t\t\t\t\t<\/p>\n<h3>2. Ph\u00e2n T\u00edch Chuy\u00ean S\u00e2u &#038; Chi\u1ebfn L\u01b0\u1ee3c Giao D\u1ecbch<\/h3>\n<p>GlobalCryptoGuru.com t\u1eadp trung gi\u1edbi thi\u1ec7u c\u00e1c b\u00e0i ph\u00e2n t\u00edch s\u00e2u s\u1eafc v\u00e0 chi\u1ebfn l\u01b0\u1ee3c giao d\u1ecbch t\u1eeb c\u00e1c chuy\u00ean gia h\u00e0ng \u0111\u1ea7u, nh\u00e0 ph\u00e2n t\u00edch v\u00e0 trader k\u1ef3 c\u1ef1u. \u0110\u1eb7c bi\u1ec7t, ch\u00fang t\u00f4i nh\u1ea5n m\u1ea1nh v\u00e0o l\u0129nh v\u1ef1c copy trading \u2013 gi\u00fap \u0111\u1ed9c gi\u1ea3 ti\u1ebfp c\u1eadn c\u00e1c chi\u1ebfn l\u01b0\u1ee3c giao d\u1ecbch hi\u1ec7u qu\u1ea3 cao, c\u00f3 th\u1ec3 nghi\u00ean c\u1ee9u, \u0111i\u1ec1u ch\u1ec9nh ho\u1eb7c sao ch\u00e9p tr\u1ef1c ti\u1ebfp, gi\u00fap m\u1ecdi c\u1ea5p \u0111\u1ed9 nh\u00e0 giao d\u1ecbch d\u1ec5 d\u00e0ng \u00e1p d\u1ee5ng c\u00e1c chi\u1ebfn thu\u1eadt th\u1ecb tr\u01b0\u1eddng ph\u1ee9c t\u1ea1p.<\/p>\n<p>\t\t\t\t\t\t\t\t\t\t\t\t\t\t\t<img decoding=\"async\" width=\"1024\" height=\"683\" data-src=\"https:\/\/globalcryptoguru.com\/wp-content\/uploads\/2025\/07\/group-of-cameras-at-an-outdoor-event-2024-10-21-18-18-12-utc-1024x683.jpg\" alt=\"\" data-srcset=\"https:\/\/globalcryptoguru.com\/wp-content\/uploads\/2025\/07\/group-of-cameras-at-an-outdoor-event-2024-10-21-18-18-12-utc-1024x683.jpg 1024w, https:\/\/globalcryptoguru.com\/wp-content\/uploads\/2025\/07\/group-of-cameras-at-an-outdoor-event-2024-10-21-18-18-12-utc-300x200.jpg 300w, https:\/\/globalcryptoguru.com\/wp-content\/uploads\/2025\/07\/group-of-cameras-at-an-outdoor-event-2024-10-21-18-18-12-utc-768x512.jpg 768w, https:\/\/globalcryptoguru.com\/wp-content\/uploads\/2025\/07\/group-of-cameras-at-an-outdoor-event-2024-10-21-18-18-12-utc-1536x1024.jpg 1536w, https:\/\/globalcryptoguru.com\/wp-content\/uploads\/2025\/07\/group-of-cameras-at-an-outdoor-event-2024-10-21-18-18-12-utc-2048x1365.jpg 2048w\" data-sizes=\"(max-width: 1024px) 100vw, 1024px\" src=\"data:image\/svg+xml;base64,PHN2ZyB3aWR0aD0iMSIgaGVpZ2h0PSIxIiB4bWxucz0iaHR0cDovL3d3dy53My5vcmcvMjAwMC9zdmciPjwvc3ZnPg==\" class=\"lazyload\" style=\"--smush-placeholder-width: 1024px; --smush-placeholder-aspect-ratio: 1024\/683;\" \/>\t\t\t\t\t\t\t\t\t\t\t\t\t\t\t\t<\/p>\n<h3>3. N\u1ec1n T\u1ea3ng Ph\u00e1t H\u00e0nh Th\u00f4ng C\u00e1o B\u00e1o Ch\u00ed &#038; Ph\u00e2n Ph\u1ed1i<\/h3>\n<p>Ch\u00fang t\u00f4i cung c\u1ea5p k\u00eanh ph\u00e2n ph\u1ed1i th\u00f4ng c\u00e1o b\u00e1o ch\u00ed cao c\u1ea5p d\u00e0nh cho c\u00e1c c\u00f4ng ty, d\u1ef1 \u00e1n blockchain, startup Web3, \u0111\u01a1n v\u1ecb \u0111\u00e0o t\u1ea1o chuy\u00ean ng\u00e0nh, nh\u00e0 ph\u00e2n t\u00edch t\u00e0i ch\u00ednh v\u00e0 nh\u1eefng nh\u00e0 l\u00e3nh \u0111\u1ea1o trong ng\u00e0nh. D\u00f9 b\u1ea1n \u0111ang ra m\u1eaft token m\u1edbi, c\u00f4ng b\u1ed1 h\u1ee3p t\u00e1c chi\u1ebfn l\u01b0\u1ee3c hay t\u1ed5 ch\u1ee9c s\u1ef1 ki\u1ec7n gi\u00e1o d\u1ee5c, GlobalCryptoGuru s\u1ebd gi\u00fap b\u1ea1n ti\u1ebfp c\u1eadn tr\u1ef1c ti\u1ebfp v\u1edbi kh\u00e1n gi\u1ea3 to\u00e0n c\u1ea7u, chuy\u00ean bi\u1ec7t v\u00e0 ti\u1ec1m n\u0103ng.<\/p>\n<p>\t\t\t\t\t\t\t\t\t\t\t\t\t\t\t<img decoding=\"async\" width=\"1024\" height=\"683\" data-src=\"https:\/\/globalcryptoguru.com\/wp-content\/uploads\/2025\/07\/ethereum-cryptocurrency-broker-holding-coin-2024-12-06-10-25-45-utc-1024x683.jpg\" alt=\"\" data-srcset=\"https:\/\/globalcryptoguru.com\/wp-content\/uploads\/2025\/07\/ethereum-cryptocurrency-broker-holding-coin-2024-12-06-10-25-45-utc-1024x683.jpg 1024w, https:\/\/globalcryptoguru.com\/wp-content\/uploads\/2025\/07\/ethereum-cryptocurrency-broker-holding-coin-2024-12-06-10-25-45-utc-300x200.jpg 300w, https:\/\/globalcryptoguru.com\/wp-content\/uploads\/2025\/07\/ethereum-cryptocurrency-broker-holding-coin-2024-12-06-10-25-45-utc-768x512.jpg 768w, https:\/\/globalcryptoguru.com\/wp-content\/uploads\/2025\/07\/ethereum-cryptocurrency-broker-holding-coin-2024-12-06-10-25-45-utc-1536x1024.jpg 1536w, https:\/\/globalcryptoguru.com\/wp-content\/uploads\/2025\/07\/ethereum-cryptocurrency-broker-holding-coin-2024-12-06-10-25-45-utc-2048x1366.jpg 2048w\" data-sizes=\"(max-width: 1024px) 100vw, 1024px\" src=\"data:image\/svg+xml;base64,PHN2ZyB3aWR0aD0iMSIgaGVpZ2h0PSIxIiB4bWxucz0iaHR0cDovL3d3dy53My5vcmcvMjAwMC9zdmciPjwvc3ZnPg==\" class=\"lazyload\" style=\"--smush-placeholder-width: 1024px; --smush-placeholder-aspect-ratio: 1024\/683;\" \/>\t\t\t\t\t\t\t\t\t\t\t\t\t\t\t\t<\/p>\n<h3>4. Xu H\u01b0\u1edbng Stablecoin &#038; Ph\u00e1t Tri\u1ec3n H\u1ec7 Sinh Th\u00e1i<\/h3>\n<p>V\u1edbi vai tr\u00f2 then ch\u1ed1t trong c\u01a1 s\u1edf h\u1ea1 t\u1ea7ng t\u00e0i ch\u00ednh c\u1ee7a Web3, th\u1ecb tr\u01b0\u1eddng stablecoin \u0111\u01b0\u1ee3c ch\u00fang t\u00f4i d\u00e0nh nhi\u1ec1u s\u1ef1 ch\u00fa tr\u1ecdng \u0111\u1eb7c bi\u1ec7t. Ch\u00fang t\u00f4i c\u1eadp nh\u1eadt c\u00e1c \u0111\u1ed5i m\u1edbi, khung ph\u00e1p l\u00fd, xu h\u01b0\u1edbng \u1ee9ng d\u1ee5ng th\u1ecb tr\u01b0\u1eddng v\u00e0 c\u00e1c r\u1ee7i ro li\u00ean quan. \u0110\u00e2y l\u00e0 l\u0129nh v\u1ef1c tr\u1ecdng t\u00e2m ph\u1ee5c v\u1ee5 c\u00e1c t\u1ed5 ch\u1ee9c v\u00e0 nh\u00e0 \u0111\u1ea7u t\u01b0 t\u00ecm ki\u1ebfm s\u1ef1 \u1ed5n \u0111\u1ecbnh trong m\u00f4i tr\u01b0\u1eddng t\u00e0i ch\u00ednh s\u1ed1 \u0111\u1ea7y bi\u1ebfn \u0111\u1ed9ng.<\/p>\n<p>\t\t\t\t\t\t\t\t\t\t\t\t\t\t\t<img decoding=\"async\" width=\"1024\" height=\"741\" data-src=\"https:\/\/globalcryptoguru.com\/wp-content\/uploads\/2025\/07\/close-up-of-investors-around-savings-deciding-wher-2025-03-18-17-47-14-utc-1024x741.jpg\" alt=\"\" data-srcset=\"https:\/\/globalcryptoguru.com\/wp-content\/uploads\/2025\/07\/close-up-of-investors-around-savings-deciding-wher-2025-03-18-17-47-14-utc-1024x741.jpg 1024w, https:\/\/globalcryptoguru.com\/wp-content\/uploads\/2025\/07\/close-up-of-investors-around-savings-deciding-wher-2025-03-18-17-47-14-utc-300x217.jpg 300w, https:\/\/globalcryptoguru.com\/wp-content\/uploads\/2025\/07\/close-up-of-investors-around-savings-deciding-wher-2025-03-18-17-47-14-utc-768x556.jpg 768w, https:\/\/globalcryptoguru.com\/wp-content\/uploads\/2025\/07\/close-up-of-investors-around-savings-deciding-wher-2025-03-18-17-47-14-utc-1536x1111.jpg 1536w, https:\/\/globalcryptoguru.com\/wp-content\/uploads\/2025\/07\/close-up-of-investors-around-savings-deciding-wher-2025-03-18-17-47-14-utc-2048x1481.jpg 2048w\" data-sizes=\"(max-width: 1024px) 100vw, 1024px\" src=\"data:image\/svg+xml;base64,PHN2ZyB3aWR0aD0iMSIgaGVpZ2h0PSIxIiB4bWxucz0iaHR0cDovL3d3dy53My5vcmcvMjAwMC9zdmciPjwvc3ZnPg==\" class=\"lazyload\" style=\"--smush-placeholder-width: 1024px; --smush-placeholder-aspect-ratio: 1024\/741;\" \/>\t\t\t\t\t\t\t\t\t\t\t\t\t\t\t\t<\/p>\n<h3>5. Tham Gia C\u1ed9ng \u0110\u1ed3ng &#038; C\u1eadp Nh\u1eadt Th\u00f4ng Tin<\/h3>\n<p>Ch\u00fang t\u00f4i tr\u00e2n tr\u1ecdng m\u1eddi b\u1ea1n \u0111\u1ed3ng h\u00e0nh c\u00f9ng GlobalCryptoGuru.com \u2013 ngu\u1ed3n tin h\u00e0ng ng\u00e0y cung c\u1ea5p nh\u1eefng th\u00f4ng tin t\u00e0i ch\u00ednh v\u00e0 c\u00f4ng ngh\u1ec7 c\u00f3 t\u1ea7m \u1ea3nh h\u01b0\u1edfng. N\u1ec1n t\u1ea3ng kh\u00f4ng ch\u1ec9 l\u00e0 n\u01a1i \u0111\u1ecdc tin t\u1ee9c m\u00e0 c\u00f2n l\u00e0 di\u1ec5n \u0111\u00e0n truy\u1ec1n th\u00f4ng h\u1ee3p t\u00e1c, s\u1eb5n s\u00e0ng \u0111\u00f3n nh\u1eadn c\u00e1c b\u00e0i \u0111\u00f3ng g\u00f3p t\u1eeb nh\u00e0 ph\u00e2n ph\u1ed1i tin t\u1ee9c, nh\u00f3m d\u1ef1 \u00e1n v\u00e0 nh\u1eefng nh\u00e0 t\u01b0 t\u01b0\u1edfng h\u00e0ng \u0111\u1ea7u trong l\u0129nh v\u1ef1c crypto v\u00e0 t\u00e0i ch\u00ednh.<\/p>\n","protected":false},"excerpt":{"rendered":"<p>T\u1ea1i Sao Ch\u1ecdn GlobalCryptoGuru? Trong b\u1ed1i c\u1ea3nh t\u00e0i ch\u00ednh bi\u1ebfn \u0111\u1ed5i nhanh ch\u00f3ng, ki\u1ebfn th\u1ee9c ch\u00ednh l\u00e0 s\u1ee9c m\u1ea1nh. GlobalCryptoGuru.com trang b\u1ecb cho b\u1ea1n nh\u1eefng th\u00f4ng tin chuy\u00ean s\u00e2u, chi\u1ebfn l\u01b0\u1ee3c th\u1ef1c ti\u1ec5n v\u00e0 ngu\u1ed3n tin \u0111\u00e1ng tin c\u1eady \u0111\u1ec3 \u0111\u01b0a ra quy\u1ebft \u0111\u1ecbnh s\u00e1ng su\u1ed1t trong kh\u00f4ng gian Web3, crypto v\u00e0 forex. D\u00f9 b\u1ea1n [&hellip;]<\/p>\n","protected":false},"author":1,"featured_media":0,"parent":0,"menu_order":0,"comment_status":"closed","ping_status":"closed","template":"","meta":{"footnotes":""},"class_list":["post-242","page","type-page","status-publish","hentry"],"translation":{"provider":"WPGlobus","version":"3.0.0","language":"vi","enabled_languages":["en","de","ja","vi","ms"],"languages":{"en":{"title":true,"content":true,"excerpt":false},"de":{"title":true,"content":true,"excerpt":false},"ja":{"title":false,"content":true,"excerpt":false},"vi":{"title":false,"content":true,"excerpt":false},"ms":{"title":false,"content":true,"excerpt":false}}},"rttpg_featured_image_url":null,"rttpg_author":{"display_name":"tranhuynhmy@proton.me","author_link":"https:\/\/globalcryptoguru.com\/vi\/author\/tranhuynhmyproton-me\/"},"rttpg_comment":0,"rttpg_category":null,"rttpg_excerpt":"T\u1ea1i Sao Ch\u1ecdn GlobalCryptoGuru? Trong b\u1ed1i c\u1ea3nh t\u00e0i ch\u00ednh bi\u1ebfn \u0111\u1ed5i nhanh ch\u00f3ng, ki\u1ebfn th\u1ee9c ch\u00ednh l\u00e0 s\u1ee9c m\u1ea1nh. GlobalCryptoGuru.com trang b\u1ecb cho b\u1ea1n nh\u1eefng th\u00f4ng tin chuy\u00ean s\u00e2u, chi\u1ebfn l\u01b0\u1ee3c th\u1ef1c ti\u1ec5n v\u00e0 ngu\u1ed3n tin \u0111\u00e1ng tin c\u1eady \u0111\u1ec3 \u0111\u01b0a ra quy\u1ebft \u0111\u1ecbnh s\u00e1ng su\u1ed1t trong kh\u00f4ng gian Web3, crypto v\u00e0 forex. D\u00f9 b\u1ea1n&hellip;","_links":{"self":[{"href":"https:\/\/globalcryptoguru.com\/vi\/wp-json\/wp\/v2\/pages\/242","targetHints":{"allow":["GET"]}}],"collection":[{"href":"https:\/\/globalcryptoguru.com\/vi\/wp-json\/wp\/v2\/pages"}],"about":[{"href":"https:\/\/globalcryptoguru.com\/vi\/wp-json\/wp\/v2\/types\/page"}],"author":[{"embeddable":true,"href":"https:\/\/globalcryptoguru.com\/vi\/wp-json\/wp\/v2\/users\/1"}],"replies":[{"embeddable":true,"href":"https:\/\/globalcryptoguru.com\/vi\/wp-json\/wp\/v2\/comments?post=242"}],"version-history":[{"count":31,"href":"https:\/\/globalcryptoguru.com\/vi\/wp-json\/wp\/v2\/pages\/242\/revisions"}],"predecessor-version":[{"id":906,"href":"https:\/\/globalcryptoguru.com\/vi\/wp-json\/wp\/v2\/pages\/242\/revisions\/906"}],"wp:attachment":[{"href":"https:\/\/globalcryptoguru.com\/vi\/wp-json\/wp\/v2\/media?parent=242"}],"curies":[{"name":"wp","href":"https:\/\/api.w.org\/{rel}","templated":true}]}}