{"id":60,"date":"2025-07-22T04:13:24","date_gmt":"2025-07-22T04:13:24","guid":{"rendered":"https:\/\/globalcryptoguru.com\/about\/"},"modified":"2025-07-26T14:14:53","modified_gmt":"2025-07-26T06:14:53","slug":"about","status":"publish","type":"page","link":"https:\/\/globalcryptoguru.com\/de\/about\/","title":{"rendered":"About"},"content":{"rendered":"<h1>\u00dcber Uns<\/h1>\n<p>\t\t\t\t\t\t\t\t\t\t\t\t\t\t\t<img decoding=\"async\" width=\"1024\" height=\"334\" data-src=\"https:\/\/globalcryptoguru.com\/wp-content\/uploads\/2025\/07\/golden-bitcoin-and-computer-chip-in-background-2025-02-25-04-19-03-utc-scaled-e1753177151194-1024x334.jpg\" alt=\"\" data-srcset=\"https:\/\/globalcryptoguru.com\/wp-content\/uploads\/2025\/07\/golden-bitcoin-and-computer-chip-in-background-2025-02-25-04-19-03-utc-scaled-e1753177151194-1024x334.jpg 1024w, https:\/\/globalcryptoguru.com\/wp-content\/uploads\/2025\/07\/golden-bitcoin-and-computer-chip-in-background-2025-02-25-04-19-03-utc-scaled-e1753177151194-300x98.jpg 300w, https:\/\/globalcryptoguru.com\/wp-content\/uploads\/2025\/07\/golden-bitcoin-and-computer-chip-in-background-2025-02-25-04-19-03-utc-scaled-e1753177151194-768x251.jpg 768w, https:\/\/globalcryptoguru.com\/wp-content\/uploads\/2025\/07\/golden-bitcoin-and-computer-chip-in-background-2025-02-25-04-19-03-utc-scaled-e1753177151194-1536x502.jpg 1536w, https:\/\/globalcryptoguru.com\/wp-content\/uploads\/2025\/07\/golden-bitcoin-and-computer-chip-in-background-2025-02-25-04-19-03-utc-scaled-e1753177151194-2048x669.jpg 2048w\" data-sizes=\"(max-width: 1024px) 100vw, 1024px\" src=\"data:image\/svg+xml;base64,PHN2ZyB3aWR0aD0iMSIgaGVpZ2h0PSIxIiB4bWxucz0iaHR0cDovL3d3dy53My5vcmcvMjAwMC9zdmciPjwvc3ZnPg==\" class=\"lazyload\" style=\"--smush-placeholder-width: 1024px; --smush-placeholder-aspect-ratio: 1024\/334;\" \/>\t\t\t\t\t\t\t\t\t\t\t\t\t\t\t\t\t\t\t\t\t\t\t\t\t\t<img decoding=\"async\" width=\"1024\" height=\"743\" data-src=\"https:\/\/globalcryptoguru.com\/wp-content\/uploads\/2025\/07\/cryptocurrency-mining-rig-2025-02-21-10-49-10-utc-1024x743.jpg\" alt=\"\" data-srcset=\"https:\/\/globalcryptoguru.com\/wp-content\/uploads\/2025\/07\/cryptocurrency-mining-rig-2025-02-21-10-49-10-utc-1024x743.jpg 1024w, https:\/\/globalcryptoguru.com\/wp-content\/uploads\/2025\/07\/cryptocurrency-mining-rig-2025-02-21-10-49-10-utc-300x218.jpg 300w, https:\/\/globalcryptoguru.com\/wp-content\/uploads\/2025\/07\/cryptocurrency-mining-rig-2025-02-21-10-49-10-utc-768x557.jpg 768w, https:\/\/globalcryptoguru.com\/wp-content\/uploads\/2025\/07\/cryptocurrency-mining-rig-2025-02-21-10-49-10-utc-1536x1114.jpg 1536w, https:\/\/globalcryptoguru.com\/wp-content\/uploads\/2025\/07\/cryptocurrency-mining-rig-2025-02-21-10-49-10-utc-2048x1485.jpg 2048w\" data-sizes=\"(max-width: 1024px) 100vw, 1024px\" src=\"data:image\/svg+xml;base64,PHN2ZyB3aWR0aD0iMSIgaGVpZ2h0PSIxIiB4bWxucz0iaHR0cDovL3d3dy53My5vcmcvMjAwMC9zdmciPjwvc3ZnPg==\" class=\"lazyload\" style=\"--smush-placeholder-width: 1024px; --smush-placeholder-aspect-ratio: 1024\/743;\" \/>\t\t\t\t\t\t\t\t\t\t\t\t\t\t\t\t\t\t<\/p>\n<h3>\n\t\t\t\t\t\t\t\u00dcber Uns \u2013 GlobalCryptoGuru.com<br \/>\n\t\t\t\t\t<\/h3>\n<p>\n\t\t\t\t\t\tWillkommen bei GlobalCryptoGuru.com \u2013 Ihrem f\u00fchrenden Portal f\u00fcr aktuelle Nachrichten, fundierte Analysen und professionelle Pressever\u00f6ffentlichungen aus den Bereichen Krypto, Web3, Blockchain, Forex und CFDs.<br \/>\n<\/br><\/br><br \/>\nGlobalCryptoGuru ist weit mehr als nur eine Nachrichtenplattform. Wir verstehen uns als ganzheitliches Informationszentrum, das Trader, Investoren, Unternehmen und Branchenexperten mit aktuellen Markteinblicken, strategischen Analysen und wertvollen Expertenmeinungen versorgt \u2013 alles an einem Ort.\t\t\t\t\t<\/p>\n","protected":false},"excerpt":{"rendered":"<p>\u00dcber Uns \u00dcber Uns \u2013 GlobalCryptoGuru.com Willkommen bei GlobalCryptoGuru.com \u2013 Ihrem f\u00fchrenden Portal f\u00fcr aktuelle Nachrichten, fundierte Analysen und professionelle Pressever\u00f6ffentlichungen aus den Bereichen Krypto, Web3, Blockchain, Forex und CFDs. GlobalCryptoGuru ist weit mehr als nur eine Nachrichtenplattform. Wir verstehen uns als ganzheitliches Informationszentrum, das Trader, Investoren, Unternehmen und Branchenexperten mit aktuellen Markteinblicken, strategischen Analysen [&hellip;]<\/p>\n","protected":false},"author":1,"featured_media":0,"parent":0,"menu_order":0,"comment_status":"closed","ping_status":"closed","template":"","meta":{"footnotes":""},"class_list":["post-60","page","type-page","status-publish","hentry"],"translation":{"provider":"WPGlobus","version":"3.0.0","language":"de","enabled_languages":["en","de","ja","vi","ms"],"languages":{"en":{"title":true,"content":true,"excerpt":false},"de":{"title":true,"content":true,"excerpt":false},"ja":{"title":false,"content":true,"excerpt":false},"vi":{"title":false,"content":true,"excerpt":false},"ms":{"title":false,"content":true,"excerpt":false}}},"rttpg_featured_image_url":null,"rttpg_author":{"display_name":"tranhuynhmy@proton.me","author_link":"https:\/\/globalcryptoguru.com\/de\/author\/tranhuynhmyproton-me\/"},"rttpg_comment":0,"rttpg_category":null,"rttpg_excerpt":"\u00dcber Uns \u00dcber Uns \u2013 GlobalCryptoGuru.com Willkommen bei GlobalCryptoGuru.com \u2013 Ihrem f\u00fchrenden Portal f\u00fcr aktuelle Nachrichten, fundierte Analysen und professionelle Pressever\u00f6ffentlichungen aus den Bereichen Krypto, Web3, Blockchain, Forex und CFDs. GlobalCryptoGuru ist weit mehr als nur eine Nachrichtenplattform. Wir verstehen uns als ganzheitliches Informationszentrum, das Trader, Investoren, Unternehmen und Branchenexperten mit aktuellen Markteinblicken, strategischen Analysen&hellip;","_links":{"self":[{"href":"https:\/\/globalcryptoguru.com\/de\/wp-json\/wp\/v2\/pages\/60","targetHints":{"allow":["GET"]}}],"collection":[{"href":"https:\/\/globalcryptoguru.com\/de\/wp-json\/wp\/v2\/pages"}],"about":[{"href":"https:\/\/globalcryptoguru.com\/de\/wp-json\/wp\/v2\/types\/page"}],"author":[{"embeddable":true,"href":"https:\/\/globalcryptoguru.com\/de\/wp-json\/wp\/v2\/users\/1"}],"replies":[{"embeddable":true,"href":"https:\/\/globalcryptoguru.com\/de\/wp-json\/wp\/v2\/comments?post=60"}],"version-history":[{"count":33,"href":"https:\/\/globalcryptoguru.com\/de\/wp-json\/wp\/v2\/pages\/60\/revisions"}],"predecessor-version":[{"id":882,"href":"https:\/\/globalcryptoguru.com\/de\/wp-json\/wp\/v2\/pages\/60\/revisions\/882"}],"wp:attachment":[{"href":"https:\/\/globalcryptoguru.com\/de\/wp-json\/wp\/v2\/media?parent=60"}],"curies":[{"name":"wp","href":"https:\/\/api.w.org\/{rel}","templated":true}]}}